{"id":948,"date":"2023-11-04T19:28:29","date_gmt":"2023-11-04T18:28:29","guid":{"rendered":"https:\/\/cannawise.fr\/?post_type=product&#038;p=948"},"modified":"2026-04-07T20:54:04","modified_gmt":"2026-04-07T18:54:04","slug":"long-skirt","status":"publish","type":"product","link":"https:\/\/cannawise.fr\/fr\/produit\/long-skirt\/","title":{"rendered":"Long Skirt Classica &#8211; Elegant"},"content":{"rendered":"<p>D\u00e9couvrez l'\u00e9l\u00e9gance intemporelle de notre jupe longue. Dans de magnifiques couleurs naturelles refl\u00e9tant l'\u00e9treinte r\u00e9confortante des paysages terrestres.\nSa conception enveloppante assure une coupe universelle, ce qui la rend accessible \u00e0 tous.<br \/>\nIts wrapping design ensures a universal fit, making it for everyone.<!--\/data\/user\/0\/com.samsung.android.app.notes\/files\/clipdata\/clipdata_bodytext_231104_192612_524.sdocx--><\/p>\n<p>Disponible en taille unique pour un ajustement universel.<\/p>\n<p>&nbsp;<\/p>","protected":false},"excerpt":{"rendered":"<p><em>incl. TVA, excl. frais de port<\/em><\/p>\n<h3>D\u00e9couvrez l'\u00e9l\u00e9gance intemporelle de notre jupe longue.<\/h3>","protected":false},"featured_media":1364,"template":"","meta":{"om_disable_all_campaigns":false,"_monsterinsights_skip_tracking":false,"_monsterinsights_sitenote_active":false,"_monsterinsights_sitenote_note":"","_monsterinsights_sitenote_category":0},"product_brand":[],"product_cat":[46],"product_tag":[],"class_list":{"0":"post-948","1":"product","2":"type-product","3":"status-publish","4":"has-post-thumbnail","6":"product_cat-clothes","8":"first","9":"instock","10":"shipping-taxable","11":"purchasable","12":"product-type-simple"},"aioseo_notices":[],"jetpack_sharing_enabled":true,"_links":{"self":[{"href":"https:\/\/cannawise.fr\/fr\/wp-json\/wp\/v2\/product\/948","targetHints":{"allow":["GET"]}}],"collection":[{"href":"https:\/\/cannawise.fr\/fr\/wp-json\/wp\/v2\/product"}],"about":[{"href":"https:\/\/cannawise.fr\/fr\/wp-json\/wp\/v2\/types\/product"}],"wp:featuredmedia":[{"embeddable":true,"href":"https:\/\/cannawise.fr\/fr\/wp-json\/wp\/v2\/media\/1364"}],"wp:attachment":[{"href":"https:\/\/cannawise.fr\/fr\/wp-json\/wp\/v2\/media?parent=948"}],"wp:term":[{"taxonomy":"product_brand","embeddable":true,"href":"https:\/\/cannawise.fr\/fr\/wp-json\/wp\/v2\/product_brand?post=948"},{"taxonomy":"product_cat","embeddable":true,"href":"https:\/\/cannawise.fr\/fr\/wp-json\/wp\/v2\/product_cat?post=948"},{"taxonomy":"product_tag","embeddable":true,"href":"https:\/\/cannawise.fr\/fr\/wp-json\/wp\/v2\/product_tag?post=948"}],"curies":[{"name":"wp","href":"https:\/\/api.w.org\/{rel}","templated":true}]}}