{"id":450,"date":"2022-04-26T14:42:35","date_gmt":"2022-04-26T14:42:35","guid":{"rendered":"https:\/\/cannawise.fr\/?post_type=product&#038;p=450"},"modified":"2025-11-18T21:39:22","modified_gmt":"2025-11-18T20:39:22","slug":"face-oil","status":"publish","type":"product","link":"https:\/\/cannawise.fr\/fr\/produit\/face-oil\/","title":{"rendered":"Huile Visage 150mg CBD"},"content":{"rendered":"<p>Notre huile pour le visage est un m\u00e9lange harmonieux d'huile d'abricot, d'huile de jojoba et d'huile d'amande. Elles sont toutes riches en antioxydants et en vitamine E et pr\u00e9viennent les dommages cellulaires en luttant contre les radicaux libres, pr\u00e9servant ainsi l'\u00e9clat de votre peau.\nL'abondante vitamine A de l'\u00e9glantier stimule la production de nouvelles cellules cutan\u00e9es et att\u00e9nue efficacement les cicatrices, les ridules et les taches de vieillesse. Elle am\u00e9liore le teint, la texture et la pigmentation de la peau.\nLe CBD, avec ses propri\u00e9t\u00e9s anti-inflammatoires, fait des merveilles pour \u00e9quilibrer le s\u00e9bum dans cette huile. La lavande, quant \u00e0 elle, apporte non seulement un parfum d\u00e9licat, mais aussi une touche apaisante et antibact\u00e9rienne.\nPour couronner le tout, de doux rosierspetals infusent notre huile pour le visage de l'essence m\u00eame du soin de soi, pour en faire un rituel quotidien de joie et de rajeunissement. C'est une c\u00e9l\u00e9bration du voyage de votre peau vers la beaut\u00e9 et la vitalit\u00e9.<br aria-hidden=\"true\" \/>Rosehip\u2019s abundant vitamin A stimulates the production of new skin cells, and is effective at fading scars, fine lines, and age spots. Enhancing your skin&#8217;s tone, texture, and pigmentation.<br aria-hidden=\"true\" \/>CBD, with its anti-inflammatory properties, performs its sebum-balancing wonders within this Oil. Meanwhile Lavender provides not just a delicate fragrance but also a soothing, antibacterial touch.<br aria-hidden=\"true\" \/>To top it all off, Sweet Rosepetals infuse our Face Oil with the very essence of self-care, making it a daily ritual of joy and rejuvenation. It&#8217;s a celebration of your skin&#8217;s journey towards beauty and vitality.<\/p>","protected":false},"excerpt":{"rendered":"<p>incl. TVA, excl. frais de port<\/p>\n<p>Flacon de 30ml avec 150mg de CBD<\/p>\n<h3>Un rituel quotidien de soins et de rajeunissement.<\/h3>","protected":false},"featured_media":1057,"template":"","meta":{"om_disable_all_campaigns":false,"_monsterinsights_skip_tracking":false,"_monsterinsights_sitenote_active":false,"_monsterinsights_sitenote_note":"","_monsterinsights_sitenote_category":0},"product_brand":[],"product_cat":[23],"product_tag":[24,21,31],"class_list":{"0":"post-450","1":"product","2":"type-product","3":"status-publish","4":"has-post-thumbnail","6":"product_cat-body-care","7":"product_tag-body-care","8":"product_tag-cbd","9":"product_tag-facial-serum","11":"first","12":"instock","13":"shipping-taxable","14":"purchasable","15":"product-type-simple"},"aioseo_notices":[],"jetpack_sharing_enabled":true,"_links":{"self":[{"href":"https:\/\/cannawise.fr\/fr\/wp-json\/wp\/v2\/product\/450","targetHints":{"allow":["GET"]}}],"collection":[{"href":"https:\/\/cannawise.fr\/fr\/wp-json\/wp\/v2\/product"}],"about":[{"href":"https:\/\/cannawise.fr\/fr\/wp-json\/wp\/v2\/types\/product"}],"wp:featuredmedia":[{"embeddable":true,"href":"https:\/\/cannawise.fr\/fr\/wp-json\/wp\/v2\/media\/1057"}],"wp:attachment":[{"href":"https:\/\/cannawise.fr\/fr\/wp-json\/wp\/v2\/media?parent=450"}],"wp:term":[{"taxonomy":"product_brand","embeddable":true,"href":"https:\/\/cannawise.fr\/fr\/wp-json\/wp\/v2\/product_brand?post=450"},{"taxonomy":"product_cat","embeddable":true,"href":"https:\/\/cannawise.fr\/fr\/wp-json\/wp\/v2\/product_cat?post=450"},{"taxonomy":"product_tag","embeddable":true,"href":"https:\/\/cannawise.fr\/fr\/wp-json\/wp\/v2\/product_tag?post=450"}],"curies":[{"name":"wp","href":"https:\/\/api.w.org\/{rel}","templated":true}]}}