{"id":45,"date":"2021-07-06T12:09:34","date_gmt":"2021-07-06T12:09:34","guid":{"rendered":"https:\/\/cannawise.fr\/?post_type=product&#038;p=45"},"modified":"2023-12-08T14:09:26","modified_gmt":"2023-12-08T13:09:26","slug":"cbd-oil-full-spectrum-500mg","status":"publish","type":"product","link":"https:\/\/cannawise.fr\/fr\/produit\/cbd-oil-full-spectrum-500mg\/","title":{"rendered":"Huile de CBD Full Spectrum 500mg"},"content":{"rendered":"<p>Notre huile de CBD \u00e0 spectre complet n'est pas seulement de la meilleure qualit\u00e9, c'est aussi l'une des formes les plus compl\u00e8tes et les plus riches d'huile de CBD. Gr\u00e2ce au processus tr\u00e8s efficace d'extraction au CO2, les pr\u00e9cieux cannabino\u00ef des et terp\u00e8nes de la plante de chanvre (Cannabis Sativa) sont pr\u00e9serv\u00e9s, de m\u00eame que les acides gras et les compos\u00e9s antioxydants\nnaturels de la plante. Ce petit flacon vous offre toute la puissance de la nature. Cultiv\u00e9e\nbiologiquement sur des champs certifi\u00e9s BioSuisse, extraite sans utilisation de produits artificiels (herbicides, pesticides), nous pouvons garantir que notre huile est exempte de substance nocive. De plus, notre huile est sans gluten et vegan, elle ne contient aucune trace animale et n\u2019a pas \u00e9t\u00e9 test\u00e9e plus, notre huile est sans gluten et vegan, elle ne contient aucune trace animale et n\u2019a pas \u00e9t\u00e9 test\u00e9e sur les animaux.sur les animaux. Conseils de conservation : Ne pas r\u00e9frig\u00e9rer, conserver \u00e0 l'abri de la chaleur excessive, de la lumi\u00e8re.<\/p>\n<p>Storage Tips: Do not refrigerate, store away from excessive heat, light, and humidity.<\/p>","protected":false},"excerpt":{"rendered":"<p>incl. TVA, excl. frais de port<\/p>\n<h4>Flacon de 10ml avec 5% de CBD<\/h4>\n<h4>Contient environ 200 gouttes (2,5mg CBD\/goutte)<\/h4>\n<h3 class=\"thin-font\"><\/h3>\n<h3 class=\"thin-font\"><\/h3>","protected":false},"featured_media":557,"template":"","meta":{"om_disable_all_campaigns":false,"_monsterinsights_skip_tracking":false,"_monsterinsights_sitenote_active":false,"_monsterinsights_sitenote_note":"","_monsterinsights_sitenote_category":0},"product_brand":[],"product_cat":[17],"product_tag":[21,18],"class_list":{"0":"post-45","1":"product","2":"type-product","3":"status-publish","4":"has-post-thumbnail","6":"product_cat-oils","7":"product_tag-cbd","8":"product_tag-oil","10":"first","11":"instock","12":"shipping-taxable","13":"purchasable","14":"product-type-simple"},"aioseo_notices":[],"jetpack_sharing_enabled":true,"_links":{"self":[{"href":"https:\/\/cannawise.fr\/fr\/wp-json\/wp\/v2\/product\/45","targetHints":{"allow":["GET"]}}],"collection":[{"href":"https:\/\/cannawise.fr\/fr\/wp-json\/wp\/v2\/product"}],"about":[{"href":"https:\/\/cannawise.fr\/fr\/wp-json\/wp\/v2\/types\/product"}],"wp:featuredmedia":[{"embeddable":true,"href":"https:\/\/cannawise.fr\/fr\/wp-json\/wp\/v2\/media\/557"}],"wp:attachment":[{"href":"https:\/\/cannawise.fr\/fr\/wp-json\/wp\/v2\/media?parent=45"}],"wp:term":[{"taxonomy":"product_brand","embeddable":true,"href":"https:\/\/cannawise.fr\/fr\/wp-json\/wp\/v2\/product_brand?post=45"},{"taxonomy":"product_cat","embeddable":true,"href":"https:\/\/cannawise.fr\/fr\/wp-json\/wp\/v2\/product_cat?post=45"},{"taxonomy":"product_tag","embeddable":true,"href":"https:\/\/cannawise.fr\/fr\/wp-json\/wp\/v2\/product_tag?post=45"}],"curies":[{"name":"wp","href":"https:\/\/api.w.org\/{rel}","templated":true}]}}