{"id":448,"date":"2022-04-26T14:33:03","date_gmt":"2022-04-26T14:33:03","guid":{"rendered":"https:\/\/cannawise.fr\/?post_type=product&#038;p=448"},"modified":"2023-12-08T15:59:35","modified_gmt":"2023-12-08T14:59:35","slug":"balm-restorative","status":"publish","type":"product","link":"https:\/\/cannawise.fr\/fr\/produit\/balm-restorative\/","title":{"rendered":"Baume Restorative 250mg CBD"},"content":{"rendered":"<p>Our Restorative Balm can help with irritated skin.<br aria-hidden=\"true\" \/>Notre Baume Restorative peut aider \u00e0 soulager les peaux irrit\u00e9es.\nFormul\u00e9 \u00e0 base d'huile d'amande et d'huile d'olive, il est hautement antioxydant et aide la peau \u00e0 lutter contre les radicaux libres et \u00e0 produire davantage de collag\u00e8ne, garantissant ainsi la vitalit\u00e9 de votre peau.\nLe CBD, la camomille et le millepertuis sont bien connus pour leurs puissantes propri\u00e9t\u00e9s anti-inflammatoires. Ce sont d'excellents outils pour favoriser la cicatrisation de la peau et soulager les ecchymoses ou les br\u00fblures au premier degr\u00e9.\nLe calendula et le cynorrhodon travaillent main dans la main pour r\u00e9parer les cellules cutan\u00e9es endommag\u00e9es et en g\u00e9n\u00e9rer de nouvelles, ce qui aide en cas d'\u00e9ruptions cutan\u00e9es, de coupures ou de peau s\u00e8che.\nAvec la douce touche de CBD et de lavande, vous ressentirez un soulagement de l'inconfort souvent associ\u00e9 \u00e0 l'inflammation.<br aria-hidden=\"true\" \/>CBD, Chamomile and St. John&#8217;s Wort are well-known for their powerfull anti-inflammatory properties.\u00a0They are excellent tools to promote skin healing and relieve first-degree bruises or burns.<br aria-hidden=\"true\" \/>Calendula and Rosehip work hand in hand to repair damaged skin cells and generate new ones, helping with rashes, cuts, or dry skin.<br aria-hidden=\"true\" \/>With the gentle touch of CBD and Lavender, you&#8217;ll experience a relief from discomfort often associated with inflammation.<\/p>","protected":false},"excerpt":{"rendered":"<p>incl. TVA, excl. frais de port<\/p>\n<p>Contenant de 50ml avec 250mg de CBD<\/p>\n<h3>Soulagez l'inconfort associ\u00e9 \u00e0 l'inflammation.<\/h3>","protected":false},"featured_media":1065,"template":"","meta":{"om_disable_all_campaigns":false,"_monsterinsights_skip_tracking":false,"_monsterinsights_sitenote_active":false,"_monsterinsights_sitenote_note":"","_monsterinsights_sitenote_category":0},"product_brand":[],"product_cat":[23],"product_tag":[25,24,21,28],"class_list":{"0":"post-448","1":"product","2":"type-product","3":"status-publish","4":"has-post-thumbnail","6":"product_cat-body-care","7":"product_tag-balm","8":"product_tag-body-care","9":"product_tag-cbd","10":"product_tag-restorative","12":"first","13":"instock","14":"shipping-taxable","15":"purchasable","16":"product-type-simple"},"aioseo_notices":[],"jetpack_sharing_enabled":true,"_links":{"self":[{"href":"https:\/\/cannawise.fr\/fr\/wp-json\/wp\/v2\/product\/448","targetHints":{"allow":["GET"]}}],"collection":[{"href":"https:\/\/cannawise.fr\/fr\/wp-json\/wp\/v2\/product"}],"about":[{"href":"https:\/\/cannawise.fr\/fr\/wp-json\/wp\/v2\/types\/product"}],"wp:featuredmedia":[{"embeddable":true,"href":"https:\/\/cannawise.fr\/fr\/wp-json\/wp\/v2\/media\/1065"}],"wp:attachment":[{"href":"https:\/\/cannawise.fr\/fr\/wp-json\/wp\/v2\/media?parent=448"}],"wp:term":[{"taxonomy":"product_brand","embeddable":true,"href":"https:\/\/cannawise.fr\/fr\/wp-json\/wp\/v2\/product_brand?post=448"},{"taxonomy":"product_cat","embeddable":true,"href":"https:\/\/cannawise.fr\/fr\/wp-json\/wp\/v2\/product_cat?post=448"},{"taxonomy":"product_tag","embeddable":true,"href":"https:\/\/cannawise.fr\/fr\/wp-json\/wp\/v2\/product_tag?post=448"}],"curies":[{"name":"wp","href":"https:\/\/api.w.org\/{rel}","templated":true}]}}