{"id":446,"date":"2022-04-26T14:21:06","date_gmt":"2022-04-26T14:21:06","guid":{"rendered":"https:\/\/cannawise.fr\/?post_type=product&#038;p=446"},"modified":"2025-11-18T21:40:00","modified_gmt":"2025-11-18T20:40:00","slug":"balm-relaxant","status":"publish","type":"product","link":"https:\/\/cannawise.fr\/fr\/produit\/balm-relaxant\/","title":{"rendered":"Baume Relaxant 250mg CBD"},"content":{"rendered":"<p>Notre Baume Relaxant peut aider \u00e0 soulager les muscles endoloris ainsi que les articulations enfl\u00e9es et douloureuses.\n\u00c0 base d'huile d'olive, il est hautement antioxydant et anti-inflammatoire.\nLe CBD, l'arnica, la lavande et le romarin unissent leurs forces pour cr\u00e9er une symphonie de soulagement de la douleur et de relaxation musculaire.\nLe romarin prend la t\u00eate, orchestrant l'am\u00e9lioration de la circulation sanguine et lib\u00e9rant les tensions musculaires refoul\u00e9es.\nL'arnica, quant \u00e0 lui, devient l'\u00e9pine dorsale de votre syst\u00e8me lymphatique, offrant un r\u00e9pit aux articulations enfl\u00e9es et leur permettant de retrouver leur vitalit\u00e9.\nAu c\u0153ur de notre huile de CBD \u00e0 spectre complet se trouvent les capacit\u00e9s naturelles de gu\u00e9rison de tous les cannabino\u00efdes - CBD, CBG et CBN, pour n'en citer que quelques-uns. Ensemble, ils forment un m\u00e9lange de qualit\u00e9s anti-inflammatoires et de soulagement de la douleur, offrant une exp\u00e9rience apaisante et globalement calmante.<br aria-hidden=\"true\" \/>Based on Olive Oil, it is highly antioxidant and anti-inflammatory.<br aria-hidden=\"true\" \/>CBD, Arnica, Lavender, and Rosemary join forces to create a symphony of pain relief and muscle relaxation.<br aria-hidden=\"true\" \/>Rosemary takes the lead, orchestrating improved blood circulation and liberating pent-up muscle tension.<br aria-hidden=\"true\" \/>Arnica, on the other hand, becomes the backbone of your lymphatic system, offering respite to swollen joints and enabling them to regain their vitality.<br aria-hidden=\"true\" \/>At its core, our Full Spectrum CBD Oil encapsulates the natural healing abilities of all cannabinoids\u00a0\u2013 CBD, CBG, and CBN to name a few.\u00a0Together, they form a blend of anti-inflammatory and pain-relieving qualities, delivering a soothing and overall calming experience.<\/p>","protected":false},"excerpt":{"rendered":"<p>incl. TVA, excl. frais de port<\/p>\n<p>Contenant de 50ml avec 250mg de CBD<\/p>\n<h3>Pour une exp\u00e9rience apaisante et calmante.<\/h3>","protected":false},"featured_media":1073,"template":"","meta":{"om_disable_all_campaigns":false,"_monsterinsights_skip_tracking":false,"_monsterinsights_sitenote_active":false,"_monsterinsights_sitenote_note":"","_monsterinsights_sitenote_category":0},"product_brand":[],"product_cat":[23],"product_tag":[25,24,21,27,26],"class_list":{"0":"post-446","1":"product","2":"type-product","3":"status-publish","4":"has-post-thumbnail","6":"product_cat-body-care","7":"product_tag-balm","8":"product_tag-body-care","9":"product_tag-cbd","10":"product_tag-painkiller","11":"product_tag-relax","13":"first","14":"instock","15":"shipping-taxable","16":"purchasable","17":"product-type-simple"},"aioseo_notices":[],"jetpack_sharing_enabled":true,"_links":{"self":[{"href":"https:\/\/cannawise.fr\/fr\/wp-json\/wp\/v2\/product\/446","targetHints":{"allow":["GET"]}}],"collection":[{"href":"https:\/\/cannawise.fr\/fr\/wp-json\/wp\/v2\/product"}],"about":[{"href":"https:\/\/cannawise.fr\/fr\/wp-json\/wp\/v2\/types\/product"}],"wp:featuredmedia":[{"embeddable":true,"href":"https:\/\/cannawise.fr\/fr\/wp-json\/wp\/v2\/media\/1073"}],"wp:attachment":[{"href":"https:\/\/cannawise.fr\/fr\/wp-json\/wp\/v2\/media?parent=446"}],"wp:term":[{"taxonomy":"product_brand","embeddable":true,"href":"https:\/\/cannawise.fr\/fr\/wp-json\/wp\/v2\/product_brand?post=446"},{"taxonomy":"product_cat","embeddable":true,"href":"https:\/\/cannawise.fr\/fr\/wp-json\/wp\/v2\/product_cat?post=446"},{"taxonomy":"product_tag","embeddable":true,"href":"https:\/\/cannawise.fr\/fr\/wp-json\/wp\/v2\/product_tag?post=446"}],"curies":[{"name":"wp","href":"https:\/\/api.w.org\/{rel}","templated":true}]}}