{"id":829,"date":"2022-11-22T15:38:38","date_gmt":"2022-11-22T14:38:38","guid":{"rendered":"https:\/\/cannawise.fr\/?page_id=829"},"modified":"2023-01-24T16:06:09","modified_gmt":"2023-01-24T15:06:09","slug":"shipping-policy","status":"publish","type":"page","link":"https:\/\/cannawise.fr\/fr\/shipping-policy\/","title":{"rendered":"Politique d'exp\u00e9dition"},"content":{"rendered":"<div class=\"banner has-hover\" id=\"banner-160913165\">\n          <div class=\"banner-inner fill\">\n        <div class=\"banner-bg fill\" >\n            <div class=\"bg fill bg-fill\"><\/div>\n                                    \n                    <\/div>\n        <div class=\"banner-layers container\">\n            <div class=\"fill banner-link\"><\/div>            \n\n   <div id=\"text-box-911071253\" class=\"text-box banner-layer x50 md-x50 lg-x50 y50 md-y50 lg-y50 res-text\">\n                                <div class=\"text-box-content text dark\">\n              \n              <div class=\"text-inner text-center\">\n                  \n\n\t<div id=\"text-858926295\" class=\"text\">\n\t\t\n\n<p>GET TO KNOW US BETTER AND FOLLOW US ON SOCIAL MEDIA<\/p>\n\t\t\n<style>\n#text-858926295 {\n  font-size: 0.8rem;\n}\n<\/style>\n\t<\/div>\n\t\n<div class=\"social-icons follow-icons full-width text-center\" ><a href=\"\/fr\/X\/\" target=\"_blank\" rel=\"noopener noreferrer nofollow\" data-label=\"Instagram\" class=\"icon plain  instagram tooltip\" title=\"Nous suivre sur Instagram\"><i class=\"icon-instagram\" ><\/i><\/a><\/div>\n\n\n              <\/div>\n           <\/div>\n                            \n<style>\n#text-box-911071253 {\n  width: 60%;\n}\n#text-box-911071253 .text-box-content {\n  font-size: 100%;\n}\n<\/style>\n    <\/div>\n \n\n        <\/div>\n      <\/div>\n\n            \n<style>\n#banner-160913165 {\n  padding-top: 90px;\n  background-color: rgb(144, 143, 97);\n}\n<\/style>\n  <\/div>\n\n\n\t<section class=\"section\" id=\"section_1593331643\">\n\t\t<div class=\"bg section-bg fill bg-fill  bg-loaded\" >\n\n\t\t\t\n\t\t\t\n\t\t\t\n\n\t\t<\/div>\n\n\t\t<div class=\"section-content relative\">\n\t\t\t\n\n<div class=\"row\"  id=\"row-1247161302\">\n\n\n\t<div id=\"col-1630468707\" class=\"col medium-8 small-10 large-6\"  >\n\t\t<div class=\"col-inner text-left\"  >\n\t\t\t\n\t\t\t\n\n<h6>Cannawise<\/h6>\n<h1>Notre politique d'exp\u00e9dition\u00a0<\/h1>\n<p>Toutes les commandes sont trait\u00e9es dans un d\u00e9lai de 2 \u00e0 3 jours ouvrables (hors jours f\u00e9ri\u00e9s) apr\u00e8s r\u00e9ception de l'e mail de confirmation de votre commande. Vous recevrez une autre notification lorsque votre commande sera exp\u00e9di\u00e9e.<!--\/data\/user\/0\/com.samsung.android.app.notes\/files\/clipdata\/clipdata_bodytext_221122_154831_175.sdocx--><\/p>\n<h3><b>Tarifs d'exp\u00e9dition nationaux et estimations (France)<\/b><!--\/data\/user\/0\/com.samsung.android.app.notes\/files\/clipdata\/clipdata_bodytext_221122_154929_564.sdocx--><\/h3>\n<p><i><b>Calcul des frais de port <\/b><\/i>Les frais d'exp\u00e9dition de votre commande seront calcul\u00e9s et affich\u00e9s lors de la validation de votre commande.\u00a0<\/p>\n<p><i><b>Livraison gratuite <\/b><\/i>Pour toutes les commandes sup\u00e9rieures \u00e0 80\u20ac.<!--\/data\/user\/0\/com.samsung.android.app.notes\/files\/clipdata\/clipdata_bodytext_221122_154955_811.sdocx--><\/p>\n<p><b>Option d'exp\u00e9dition<\/b><br \/><b>D\u00e9lai de livraison estim\u00e9<\/b><br \/><b>Prix de l'option<\/b><br \/>Option 1 : (Sans signature) 2 \u00e0 3 jours ouvrables 6,71\u20ac<br \/>Option 2 : (Avec signature) 2 \u00e0 3 jours ouvrables 7,71\u20ac.<!--\/data\/user\/0\/com.samsung.android.app.notes\/files\/clipdata\/clipdata_bodytext_221122_155042_422.sdocx--><\/p>\n<h3><b>Exp\u00e9dition internationale<\/b><!--\/data\/user\/0\/com.samsung.android.app.notes\/files\/clipdata\/clipdata_bodytext_221122_155154_822.sdocx--><\/h3>\n<p>Nous offrons des services d'exp\u00e9dition internationale vers les pays suivants : Allemagne, Autriche, Danemark, Pays Bas, Belgique, Italie, Espagne, Portugal, Suisse, \u00c9tats Unis.\u00a0<\/p>\n<p><i><b>Calcul des frais de port <\/b><\/i>Les frais d'exp\u00e9dition de votre commande seront calcul\u00e9s et affich\u00e9s lors de la validation de votre commande.\u00a0<\/p>\n<p><i><b>Livraison gratuite <\/b><\/i>Pour toutes les commandes sup\u00e9rieures \u00e0 80\u20ac.<\/p>\n<p><b>Option d'exp\u00e9dition<\/b><br \/><b>D\u00e9lai de livraison estim\u00e9<\/b><br \/><b>Prix de l'option<\/b> <br \/>Option 1 : National (France) 2 \u00e0 3 jours ouvrables 6,71\u20ac<br \/>Option 2 : International (Zone 1 : Allemagne, Autriche, Belgique) 3 \u00e0 5 jours ouvrables 8,79\u20ac <br \/>Option 3 : International (Zone 2 : Italie, Espagne) 3 \u00e0 5 jours ouvrables 10,10\u20ac<br \/>Option 4 : International (Zone 3 : Suisse) 3 \u00e0 5 jours ouvrables 11,47\u20ac<br \/>Option 5 : International (Zone 4 : \u00c9tats\nUnis) 5 \u00e0 8 jours ouvrables 25,67\u20ac<\/p>\n<p>Votre commande peut \u00eatre soumise \u00e0 des droits d'importation et \u00e0 des taxes (y compris la TVA), qui sont encourus une fois que l'envoi arrive dans votre pays de destination. Cannawise n'est pas\nresponsable de ces frais s'ils sont appliqu\u00e9s et ils rel\u00e8vent de votre responsabilit\u00e9 en tant que client.<!--\/data\/user\/0\/com.samsung.android.app.notes\/files\/clipdata\/clipdata_bodytext_221122_155240_251.sdocx--><\/p>\n<h3><b>Comment puis je v\u00e9rifier l'\u00e9tat de ma commande ?<\/b><!--\/data\/user\/0\/com.samsung.android.app.notes\/files\/clipdata\/clipdata_bodytext_221122_155419_877.sdocx--><\/h3>\n<p>Une fois votre commande exp\u00e9di\u00e9e, vous recevrez une notification par mail avec un num\u00e9ro de suivi que vous pourrez utiliser pour v\u00e9rifier l\u2019avancement de votre commande. Comptez 48 heures pour que les in formations de suivi soient\ndisponibles.\u00a0<\/p>\n<p>Si vous n'avez pas re\u00e7u votre commande dans les 7 jours suivant la r\u00e9ception de l'e mail de confirmation d'exp\u00e9dition, veuillez nous contacter \u00e0 l'adresse info@cannawise.fr en indiquant votre nom et votre num\u00e9ro de commande et nous examinerons la question pour vous.<!--\/data\/user\/0\/com.samsung.android.app.notes\/files\/clipdata\/clipdata_bodytext_221122_155527_618.sdocx--><\/p>\n<h3><b>Remboursements, retours et \u00e9changes<\/b><!--\/data\/user\/0\/com.samsung.android.app.notes\/files\/clipdata\/clipdata_bodytext_221122_155557_478.sdocx--><\/h3>\n<p>Nous acceptons les retours jusqu'\u00e0 15 jours apr\u00e8s l'achat \u00e0 condition que l'article n'ait pas \u00e9t\u00e9 utilis\u00e9\net qu\u2019il se trouve dans son \u00e9tat d'origine. Dans ce cas, nous rembourserons le montant total de la\ncommande ainsi que les frais d'exp\u00e9dition du retour.<\/p>\n<p>Si votre commande arrive endommag\u00e9e de quelque mani\u00e8re que ce soit, veuillez nous envoyer un courriel d\u00e8s que possible \u00e0 info@cannawise.fr en indiquant votre num\u00e9ro de commande et en\njoignant une photo de l'\u00e9tat de l'article. Nous traitons ces questions au cas par cas, mais nous ferons de notre mieux pour trouver une solution satisfaisante.<\/p>\n<p>Si vous avez d'autres questions, n'h\u00e9sitez pas \u00e0 nous contacter \u00e0 l'adresse info@cannawise.fr<br \/><!--\/data\/user\/0\/com.samsung.android.app.notes\/files\/clipdata\/clipdata_bodytext_221122_155622_595.sdocx--><\/p>\n\n\t\t<\/div>\n\t\t\t<\/div>\n\n\t\n\n<\/div>\n\n\t\t<\/div>\n\n\t\t\n<style>\n#section_1593331643 {\n  padding-top: 100px;\n  padding-bottom: 100px;\n}\n@media (min-width:550px) {\n  #section_1593331643 {\n    padding-top: 80px;\n    padding-bottom: 80px;\n  }\n}\n<\/style>\n\t<\/section>","protected":false},"excerpt":{"rendered":"","protected":false},"author":1,"featured_media":0,"parent":0,"menu_order":0,"comment_status":"closed","ping_status":"closed","template":"page-blank.php","meta":{"om_disable_all_campaigns":false,"_monsterinsights_skip_tracking":false,"_monsterinsights_sitenote_active":false,"_monsterinsights_sitenote_note":"","_monsterinsights_sitenote_category":0,"footnotes":""},"class_list":["post-829","page","type-page","status-publish","hentry"],"aioseo_notices":[],"jetpack_sharing_enabled":true,"_links":{"self":[{"href":"https:\/\/cannawise.fr\/fr\/wp-json\/wp\/v2\/pages\/829","targetHints":{"allow":["GET"]}}],"collection":[{"href":"https:\/\/cannawise.fr\/fr\/wp-json\/wp\/v2\/pages"}],"about":[{"href":"https:\/\/cannawise.fr\/fr\/wp-json\/wp\/v2\/types\/page"}],"author":[{"embeddable":true,"href":"https:\/\/cannawise.fr\/fr\/wp-json\/wp\/v2\/users\/1"}],"replies":[{"embeddable":true,"href":"https:\/\/cannawise.fr\/fr\/wp-json\/wp\/v2\/comments?post=829"}],"version-history":[{"count":7,"href":"https:\/\/cannawise.fr\/fr\/wp-json\/wp\/v2\/pages\/829\/revisions"}],"predecessor-version":[{"id":914,"href":"https:\/\/cannawise.fr\/fr\/wp-json\/wp\/v2\/pages\/829\/revisions\/914"}],"wp:attachment":[{"href":"https:\/\/cannawise.fr\/fr\/wp-json\/wp\/v2\/media?parent=829"}],"curies":[{"name":"wp","href":"https:\/\/api.w.org\/{rel}","templated":true}]}}