{"id":728,"date":"2022-10-07T15:57:16","date_gmt":"2022-10-07T13:57:16","guid":{"rendered":"https:\/\/cannawise.fr\/?page_id=728"},"modified":"2023-01-24T16:04:42","modified_gmt":"2023-01-24T15:04:42","slug":"return-policy","status":"publish","type":"page","link":"https:\/\/cannawise.fr\/fr\/return-policy\/","title":{"rendered":"Politique de retour"},"content":{"rendered":"<div class=\"banner has-hover\" id=\"banner-782812792\">\n          <div class=\"banner-inner fill\">\n        <div class=\"banner-bg fill\" >\n            <div class=\"bg fill bg-fill\"><\/div>\n                                    \n                    <\/div>\n        <div class=\"banner-layers container\">\n            <div class=\"fill banner-link\"><\/div>            \n\n   <div id=\"text-box-123262740\" class=\"text-box banner-layer x50 md-x50 lg-x50 y50 md-y50 lg-y50 res-text\">\n                                <div class=\"text-box-content text dark\">\n              \n              <div class=\"text-inner text-center\">\n                  \n\n\t<div id=\"text-2187286693\" class=\"text\">\n\t\t\n\n<p>GET TO KNOW US BETTER AND FOLLOW US ON SOCIAL MEDIA<\/p>\n\t\t\n<style>\n#text-2187286693 {\n  font-size: 0.8rem;\n}\n<\/style>\n\t<\/div>\n\t\n<div class=\"social-icons follow-icons\" ><a href=\"\/fr\/X\/\" target=\"_blank\" rel=\"noopener noreferrer nofollow\" data-label=\"Instagram\" class=\"icon plain  instagram tooltip\" title=\"Nous suivre sur Instagram\"><i class=\"icon-instagram\" ><\/i><\/a><\/div>\n\n\n              <\/div>\n           <\/div>\n                            \n<style>\n#text-box-123262740 {\n  width: 60%;\n}\n#text-box-123262740 .text-box-content {\n  font-size: 100%;\n}\n<\/style>\n    <\/div>\n \n\n        <\/div>\n      <\/div>\n\n            \n<style>\n#banner-782812792 {\n  padding-top: 90px;\n  background-color: rgb(144, 143, 97);\n}\n<\/style>\n  <\/div>\n\n\n\t<section class=\"section\" id=\"section_123305470\">\n\t\t<div class=\"bg section-bg fill bg-fill  bg-loaded\" >\n\n\t\t\t\n\t\t\t\n\t\t\t\n\n\t\t<\/div>\n\n\t\t<div class=\"section-content relative\">\n\t\t\t\n\n<div class=\"row\"  id=\"row-552640516\">\n\n\n\t<div id=\"col-1461547343\" class=\"col medium-8 small-10 large-6\"  >\n\t\t<div class=\"col-inner text-left\"  >\n\t\t\t\n\t\t\t\n\n<h6>Cannawise<\/h6>\n<h1>Notre politique de retour<\/h1>\n<p>Si vous souhaitez retourner ou \u00e9changer votre commande pour quelque raison que ce soit, nous sommes l\u00e0 pour vous aider !<\/p>\n<h4>Nous offrons <em><b>des retours gratuits<\/b><\/em> dans <em><b>les 15 jours<\/b><\/em> suivant l'achat. Vous pouvez retourner votre\nproduit pour obtenir <em><b>un remboursement <\/b><\/em>en utilisant le mode de paiement original.<!--\/data\/user\/0\/com.samsung.android.app.notes\/files\/clipdata\/clipdata_bodytext_221007_161021_900.sdocx--><\/h4>\n<h6>\u00a0<\/h6>\n<h6>VEUILLEZ NOTER LES EXCEPTIONS SUIVANTES \u00c0 NOTRE POLITIQUE DE RETOUR ET DE REMBOURSEMENT :<!--\/data\/user\/0\/com.samsung.android.app.notes\/files\/clipdata\/clipdata_bodytext_221007_161155_129.sdocx--><\/h6>\n<p>- Les achats d\u2019articles sold\u00e9s sont d\u00e9finitifs, ces derniers ne peuvent \u00eatre retourn\u00e9s<br \/>- Les articles ouverts et d\u00e9j\u00e0 utilis\u00e9s ne peuvent pas \u00eatre retourn\u00e9s<br \/>- Les articles achet\u00e9s en dehors de l'Union europ\u00e9enne ne peuvent \u00eatre retourn\u00e9s.<\/p>\n<h6>POUR EFFECTUER UN RETOUR, VEUILLEZ SUIVRE LES \u00c9TAPES SUIVANTES<!--\/data\/user\/0\/com.samsung.android.app.notes\/files\/clipdata\/clipdata_bodytext_221007_161436_204.sdocx--><\/h6>\n<p>1. R\u00e9pondez \u00e0 l'e mail de confirmation de votre commande pour nous informer de quels produits\nvous souhaitez retourner.<br \/>2. Imprimez l'\u00e9tiquette de retour pr\u00e9pay\u00e9e que\nvous recevrez par courriel.<br \/>3. Renvoyez\nnous tous les articles en utilisant l'\u00e9tiquette fournie.<!--\/data\/user\/0\/com.samsung.android.app.notes\/files\/clipdata\/clipdata_bodytext_221007_161540_275.sdocx--><\/p>\n<h6>\u00a0<\/h6>\n<p><!--\/data\/user\/0\/com.samsung.android.app.notes\/files\/clipdata\/clipdata_bodytext_221007_161321_906.sdocx--><\/p>\n\n\t\t<\/div>\n\t\t\t<\/div>\n\n\t\n\n<\/div>\n\n\t\t<\/div>\n\n\t\t\n<style>\n#section_123305470 {\n  padding-top: 100px;\n  padding-bottom: 100px;\n  margin-bottom: 180px;\n}\n@media (min-width:550px) {\n  #section_123305470 {\n    padding-top: 80px;\n    padding-bottom: 80px;\n  }\n}\n<\/style>\n\t<\/section>","protected":false},"excerpt":{"rendered":"","protected":false},"author":1,"featured_media":0,"parent":0,"menu_order":0,"comment_status":"closed","ping_status":"closed","template":"page-blank.php","meta":{"om_disable_all_campaigns":false,"_monsterinsights_skip_tracking":false,"_monsterinsights_sitenote_active":false,"_monsterinsights_sitenote_note":"","_monsterinsights_sitenote_category":0,"footnotes":""},"class_list":["post-728","page","type-page","status-publish","hentry"],"aioseo_notices":[],"jetpack_sharing_enabled":true,"_links":{"self":[{"href":"https:\/\/cannawise.fr\/fr\/wp-json\/wp\/v2\/pages\/728","targetHints":{"allow":["GET"]}}],"collection":[{"href":"https:\/\/cannawise.fr\/fr\/wp-json\/wp\/v2\/pages"}],"about":[{"href":"https:\/\/cannawise.fr\/fr\/wp-json\/wp\/v2\/types\/page"}],"author":[{"embeddable":true,"href":"https:\/\/cannawise.fr\/fr\/wp-json\/wp\/v2\/users\/1"}],"replies":[{"embeddable":true,"href":"https:\/\/cannawise.fr\/fr\/wp-json\/wp\/v2\/comments?post=728"}],"version-history":[{"count":9,"href":"https:\/\/cannawise.fr\/fr\/wp-json\/wp\/v2\/pages\/728\/revisions"}],"predecessor-version":[{"id":913,"href":"https:\/\/cannawise.fr\/fr\/wp-json\/wp\/v2\/pages\/728\/revisions\/913"}],"wp:attachment":[{"href":"https:\/\/cannawise.fr\/fr\/wp-json\/wp\/v2\/media?parent=728"}],"curies":[{"name":"wp","href":"https:\/\/api.w.org\/{rel}","templated":true}]}}