{"id":393,"date":"2022-04-25T08:57:43","date_gmt":"2022-04-25T08:57:43","guid":{"rendered":"https:\/\/cannawise.fr\/?page_id=393"},"modified":"2023-01-24T15:16:19","modified_gmt":"2023-01-24T14:16:19","slug":"ingredient-list","status":"publish","type":"page","link":"https:\/\/cannawise.fr\/fr\/ingredient-list\/","title":{"rendered":"Liste des ingr\u00e9dients"},"content":{"rendered":"<section class=\"section\" id=\"section_1626783570\">\n\t\t<div class=\"bg section-bg fill bg-fill  bg-loaded\" >\n\n\t\t\t\n\t\t\t\n\t\t\t\n\n\t\t<\/div>\n\n\t\t<div class=\"section-content relative\">\n\t\t\t\n\n<div class=\"row row-full-width align-center\"  id=\"row-2105415668\">\n\n\n\t<div id=\"col-405096760\" class=\"col medium-10 small-12 large-8\"  >\n\t\t<div class=\"col-inner text-center\"  >\n\t\t\t\n\t\t\t\n\n<h1>Liste des ingr\u00e9dients<\/h1>\n<p>D\u00e9couvrez les bienfaits transformateurs de nos produits naturels et biologiques gr\u00e2ce \u00e0 nos\ningr\u00e9dients \u00e0 base de plantes d'origine naturelle, soigneusement s\u00e9lectionn\u00e9s Vous trouverez tous les ingr\u00e9dients \u00e9num\u00e9r\u00e9s ci--dessous, ainsi qu\u2019une rapide pr\u00e9sentation de certains de leurs principaux dessous, ainsi qu\u2019une rapide pr\u00e9sentation de certains de leurs principaux bienfaits.<\/p>\n\n\t\t<\/div>\n\t\t\n<style>\n#col-405096760 > .col-inner {\n  margin: 0px 0px -40px 0px;\n}\n<\/style>\n\t<\/div>\n\n\t\n\n<\/div>\n<div class=\"row align-center\"  id=\"row-1017805907\">\n\n\n\t<div id=\"col-824900277\" class=\"col medium-12 small-12 large-10\"  >\n\t\t<div class=\"col-inner text-left\"  >\n\t\t\t\n\t\t\t\n\n<div class=\"is-divider divider clearfix\" style=\"margin-top:3em;margin-bottom:3em;max-width:100%;background-color:rgb(9, 14, 29);\"><\/div>\n\n<div class=\"row row-collapse\"  id=\"row-281795734\">\n\n\n\t<div id=\"col-1952934331\" class=\"col medium-12 small-12 large-4\"  >\n\t\t<div class=\"col-inner\"  >\n\t\t\t\n\t\t\t\n\n\n\t\t<div class=\"icon-box featured-box icon-box-left text-left\"  style=\"margin:0px 0px 30px 0px;\">\n\t\t\t\t<div class=\"icon-box-text last-reset\">\n\t\t\t\t\t\t\t\t\t\n\n\t<div id=\"text-2153397430\" class=\"text\">\n\t\t\n\n<h2>A<\/h2>\n\t\t\n<style>\n#text-2153397430 {\n  text-align: center;\n}\n<\/style>\n\t<\/div>\n\t\n\n\t\t<\/div>\n\t<\/div>\n\t\n\t\n\n\t\t<\/div>\n\t\t\t<\/div>\n\n\t\n\n\t<div id=\"col-382366019\" class=\"col medium-12 small-12 large-8\"  >\n\t\t<div class=\"col-inner text-left\"  >\n\t\t\t\n\t\t\t\n\n<div class=\"accordion\" rel=\"\">\n\n<div class=\"accordion-item\"><a href=\"#\" class=\"accordion-title plain\"><button class=\"toggle\"><i class=\"icon-angle-down\"><\/i><\/button><span>Huile d'Amande douce (Prunus Amygdalus Dulcis)<\/span><\/a><div class=\"accordion-inner\">\n\n<p>Naturellement riche en vitamine E et A, l'huile d'amande douce prot\u00e8ge les cellules de la peau des polluants environnementaux et du stress oxydatif. Elle renforce l'\u00e9lasticit\u00e9 et la clart\u00e9 de la peau et contribue \u00e0 sa cicatrisation et \u00e0 sa r\u00e9paration. Les prot\u00e9ines et les acides amin\u00e9s favorisent \u00e9galement la production de collag\u00e8ne pour une peau plus rebondie et plus souple. Pour les peaux s\u00e8ches, cet ingr\u00e9dient est un grand favori car il aide \u00e0 pr\u00e9venir la d\u00e9shydratation en r\u00e9duisant la perte d'humidit\u00e9.<\/p>\n<p><em>Elle est pr\u00e9sente dans : le s\u00e9rum visage<\/em> <\/p>\n\n<\/div><\/div>\n<div class=\"accordion-item\"><a href=\"#\" class=\"accordion-title plain\"><button class=\"toggle\"><i class=\"icon-angle-down\"><\/i><\/button><span>Huile de noyau d'Abricot (Prunus Armeniaca)<\/span><\/a><div class=\"accordion-inner\">\n\n<p>Riche en vitamines C et E, l'huile de noyau d'abricot am\u00e9liore le teint de la peau et att\u00e9nue\nl'apparence des rides, des ridules et des imperfections. La double action de l'acide linol\u00e9ique (qui renforce la barri\u00e8re naturelle de la peau) et de l'acide ol\u00e9i que (qui assouplit la peau) en fait un ingr\u00e9dient puissant et nourrissant pour la peau. Sa teneur en vitamine A adoucit la peau et am\u00e9liore la circulation sanguine \u00e0 la surface de la peau.<\/p>\n<p><em>Elle est pr\u00e9sente dans : le s\u00e9rum visage<\/em><\/p>\n\n<\/div><\/div>\n<div class=\"accordion-item\"><a href=\"#\" class=\"accordion-title plain\"><button class=\"toggle\"><i class=\"icon-angle-down\"><\/i><\/button><span>Arnica (Arnica Montana)<\/span><\/a><div class=\"accordion-inner\">\n\n<p>Analg\u00e9sique topique naturel, l'arnica aide \u00e0 soulager les douleurs musculaires, les douleurs\narticulaires et les courbatures. Ses nombreuses propri\u00e9t\u00e9s anti inflammatoires et antirhumatismales en font un alli\u00e9 indispensable pour soulager toutes sortes de douleurs.<\/p>\n<p><em>Elle est pr\u00e9sente dans : le baume relaxant<\/em><\/p>\n\n<\/div><\/div>\n\n<\/div>\n\n\t\t<\/div>\n\t\t\t<\/div>\n\n\t\n\n<\/div>\n<div class=\"is-divider divider clearfix\" style=\"margin-top:3em;margin-bottom:3em;max-width:100%;background-color:rgb(9, 14, 29);\"><\/div>\n\n<div class=\"row row-collapse\"  id=\"row-304321422\">\n\n\n\t<div id=\"col-1026211408\" class=\"col medium-12 small-12 large-4\"  >\n\t\t<div class=\"col-inner\"  >\n\t\t\t\n\t\t\t\n\n\n\t\t<div class=\"icon-box featured-box icon-box-left text-left\"  style=\"margin:0px 0px 30px 0px;\">\n\t\t\t\t<div class=\"icon-box-text last-reset\">\n\t\t\t\t\t\t\t\t\t\n\n\t<div id=\"text-494689111\" class=\"text\">\n\t\t\n\n<h2>B<\/h2>\n\t\t\n<style>\n#text-494689111 {\n  text-align: center;\n}\n<\/style>\n\t<\/div>\n\t\n\n\t\t<\/div>\n\t<\/div>\n\t\n\t\n\n\t\t<\/div>\n\t\t\t<\/div>\n\n\t\n\n\t<div id=\"col-141328853\" class=\"col medium-12 small-12 large-8\"  >\n\t\t<div class=\"col-inner text-left\"  >\n\t\t\t\n\t\t\t\n\n<div class=\"accordion\" rel=\"\">\n\n<div class=\"accordion-item\"><a href=\"#\" class=\"accordion-title plain\"><button class=\"toggle\"><i class=\"icon-angle-down\"><\/i><\/button><span>Cire d'abeille (Cera Alba)<\/span><\/a><div class=\"accordion-inner\">\n\n<p>Cet anti-inflammatoire et antioxydant naturel forme une couche protectrice sur la peau la prot\u00e9geant\ndes facteurs de stress environnementaux, de la pollution et des intemp\u00e9ries. Sa teneur \u00e9lev\u00e9e en\nvitamine A favorise \u00e9galement la production de nouvelles cellules cutan\u00e9es saines.<\/p>\n<p><em>Elle est pr\u00e9sente dans : le baume relaxant, le baume restorative<\/em>r<\/p>\n\n<\/div><\/div>\n\n<\/div>\n\n\t\t<\/div>\n\t\t\t<\/div>\n\n\t\n\n<\/div>\n<div class=\"is-divider divider clearfix\" style=\"margin-top:3em;margin-bottom:3em;max-width:100%;background-color:rgb(9, 14, 29);\"><\/div>\n\n<div class=\"row row-collapse\"  id=\"row-1899767985\">\n\n\n\t<div id=\"col-786226837\" class=\"col medium-12 small-12 large-4\"  >\n\t\t<div class=\"col-inner\"  >\n\t\t\t\n\t\t\t\n\n\n\t\t<div class=\"icon-box featured-box icon-box-left text-left\"  style=\"margin:0px 0px 30px 0px;\">\n\t\t\t\t<div class=\"icon-box-text last-reset\">\n\t\t\t\t\t\t\t\t\t\n\n\t<div id=\"text-808609462\" class=\"text\">\n\t\t\n\n<h2>C<\/h2>\n\t\t\n<style>\n#text-808609462 {\n  text-align: center;\n}\n<\/style>\n\t<\/div>\n\t\n\n\t\t<\/div>\n\t<\/div>\n\t\n\t\n\n\t\t<\/div>\n\t\t\t<\/div>\n\n\t\n\n\t<div id=\"col-808568447\" class=\"col medium-12 small-12 large-8\"  >\n\t\t<div class=\"col-inner text-left\"  >\n\t\t\t\n\t\t\t\n\n<div class=\"accordion\" rel=\"\">\n\n<div class=\"accordion-item\"><a href=\"#\" class=\"accordion-title plain\"><button class=\"toggle\"><i class=\"icon-angle-down\"><\/i><\/button><span>Calendula (Calendula officinalis)<\/span><\/a><div class=\"accordion-inner\">\n\n<p>En usage topique, le calendula augmente la synth\u00e8se du collag\u00e8ne de la peau tout en diminuant le stress oxydatif de la peau. Il est antibact\u00e9rien, antihistaminique et antifongique. Il exerce de merveilleuses actions r\u00e9g\u00e9n\u00e9ratrices qui aident \u00e0 soulager les inflammations, les \u00e9raflures, les coupures et les peaux irrit\u00e9es.<\/p>\n<p><em>Il est pr\u00e9sent dans : le baume restorative<\/em><\/p>\n\n<\/div><\/div>\n<div class=\"accordion-item\"><a href=\"#\" class=\"accordion-title plain\"><button class=\"toggle\"><i class=\"icon-angle-down\"><\/i><\/button><span>CBD (Cannabis Sativa)<\/span><\/a><div class=\"accordion-inner\">\n\n<p>Les propri\u00e9t\u00e9s analg\u00e9siques naturelles du CBD sont particuli\u00e8rement efficaces contre les douleurs chroniques. Il diminue le niveau de stress dans le corps et induit une relaxation au niveau musculaire et \u00e9motionnel. En outre, le CBD inhibe la s\u00e9cr\u00e9tion s\u00e9bac\u00e9e, c'est pourquoi il est utilis\u00e9 en dermatologie pour traiter l'acn\u00e9. Il est \u00e9galement utilis\u00e9 pour traiter les allergies de contact, la dermatite atopique et le psoriasis en raison de ses qualit\u00e9s anti inflammatoires.<\/p>\n<p><em>Il est pr\u00e9sent dans : les huiles de CBD, les fleurs de CBD, le baume relaxant, le baume restorative,\nle s\u00e9rum visage<\/em><\/p>\n\n<\/div><\/div>\n<div class=\"accordion-item\"><a href=\"#\" class=\"accordion-title plain\"><button class=\"toggle\"><i class=\"icon-angle-down\"><\/i><\/button><span>Camomille (Chamomilla Matricaria)<\/span><\/a><div class=\"accordion-inner\">\n\n<p>Gr\u00e2ce \u00e0 sa forte teneur en agents anti-inflammatoires et antihistaminiques, la camomille est id\u00e9ale pour traiter les \u00e9ruptions cutan\u00e9es et les peaux irrit\u00e9es. Combin\u00e9e \u00e0 ses qualit\u00e9s antibact\u00e9riennes et antioxydantes, elle aide \u00e9galement \u00e0 soigner les coupures mineures, les fissures et les ecchymoses.\nantioxydantes, elle aide \u00e9galement \u00e0 soigner les coupures mineures, les fissures et les ecchymoses. Elle soulage les douleurs gr\u00e2ce \u00e0 ses propri\u00e9t\u00e9s analg\u00e9siques et antispasmodiques.Elle soulage les douleurs gr\u00e2ce \u00e0 ses propri\u00e9t\u00e9s analg\u00e9siques et antispasmodiques.<\/p>\n<p><em>Elle est pr\u00e9sente dans : le baume relaxant, le baume restorative<\/em> <\/p>\n\n<\/div><\/div>\n\n<\/div>\n\n\t\t<\/div>\n\t\t\t<\/div>\n\n\t\n\n<\/div>\n<div class=\"is-divider divider clearfix\" style=\"margin-top:3em;margin-bottom:3em;max-width:100%;background-color:rgb(9, 14, 29);\"><\/div>\n\n<div class=\"row row-collapse\"  id=\"row-1138289844\">\n\n\n\t<div id=\"col-470014728\" class=\"col medium-12 small-12 large-4\"  >\n\t\t<div class=\"col-inner\"  >\n\t\t\t\n\t\t\t\n\n\n\t\t<div class=\"icon-box featured-box icon-box-left text-left\"  style=\"margin:0px 0px 30px 0px;\">\n\t\t\t\t<div class=\"icon-box-text last-reset\">\n\t\t\t\t\t\t\t\t\t\n\n\t<div id=\"text-3351418792\" class=\"text\">\n\t\t\n\n<h2>J<\/h2>\n\t\t\n<style>\n#text-3351418792 {\n  text-align: center;\n}\n<\/style>\n\t<\/div>\n\t\n\n\t\t<\/div>\n\t<\/div>\n\t\n\t\n\n\t\t<\/div>\n\t\t\t<\/div>\n\n\t\n\n\t<div id=\"col-1802868908\" class=\"col medium-12 small-12 large-8\"  >\n\t\t<div class=\"col-inner text-left\"  >\n\t\t\t\n\t\t\t\n\n<div class=\"accordion\" rel=\"\">\n\n<div class=\"accordion-item\"><a href=\"#\" class=\"accordion-title plain\"><button class=\"toggle\"><i class=\"icon-angle-down\"><\/i><\/button><span>Huile de Jojoba (Simmondsia Chinesis)<\/span><\/a><div class=\"accordion-inner\">\n\n<p>L\u2019huile de jojoba est l'huile la plus proche de la peau car sa structure mol\u00e9culaire est tr\u00e8s similaire \u00e0 celle du s\u00e9bum de notre propre peau. Cela signifie que sa petite taille mol\u00e9culaire p\u00e9n\u00e8tre imm\u00e9diatement dans la peau, offrant une hydratation en pro fondeur sans laisser de r\u00e9sidu gras. Son complexe de vitamine B a \u00e9galement des effets antioxydants qui combattent les dommages cellulaires et r\u00e9duisent l'apparence des rides et ridules. C'est l'ingr\u00e9dient naturel id\u00e9al pour les produits corporels, quel que soit le type de peau.<\/p>\n<p><em>Elle est pr\u00e9sente dans : le s\u00e9rum visage<\/em><\/p>\n\n<\/div><\/div>\n\n<\/div>\n\n\t\t<\/div>\n\t\t\t<\/div>\n\n\t\n\n<\/div>\n<div class=\"is-divider divider clearfix\" style=\"margin-top:3em;margin-bottom:3em;max-width:100%;background-color:rgb(9, 14, 29);\"><\/div>\n\n<div class=\"row row-collapse\"  id=\"row-591609805\">\n\n\n\t<div id=\"col-39799554\" class=\"col medium-12 small-12 large-4\"  >\n\t\t<div class=\"col-inner\"  >\n\t\t\t\n\t\t\t\n\n\n\t\t<div class=\"icon-box featured-box icon-box-left text-left\"  style=\"margin:0px 0px 30px 0px;\">\n\t\t\t\t<div class=\"icon-box-text last-reset\">\n\t\t\t\t\t\t\t\t\t\n\n\t<div id=\"text-172931800\" class=\"text\">\n\t\t\n\n<h2>L<\/h2>\n\t\t\n<style>\n#text-172931800 {\n  text-align: center;\n}\n<\/style>\n\t<\/div>\n\t\n\n\t\t<\/div>\n\t<\/div>\n\t\n\t\n\n\t\t<\/div>\n\t\t\t<\/div>\n\n\t\n\n\t<div id=\"col-36112471\" class=\"col medium-12 small-12 large-8\"  >\n\t\t<div class=\"col-inner text-left\"  >\n\t\t\t\n\t\t\t\n\n<div class=\"accordion\" rel=\"\">\n\n<div class=\"accordion-item\"><a href=\"#\" class=\"accordion-title plain\"><button class=\"toggle\"><i class=\"icon-angle-down\"><\/i><\/button><span>Lavande (Lavendula officinalis)<\/span><\/a><div class=\"accordion-inner\">\n\n<p>Cet anesth\u00e9sique local naturel soulage les muscles endoloris, calme le syst\u00e8me nerveux et favorise le d\u00e9veloppement du sentiment de relaxation et de bien \u00eatre. Connue pour ses propri\u00e9t\u00e9s anti-inflammatoires, antioxydantes et antibact\u00e9riennes en dermatologi e, elle est utilis\u00e9e en application locale pour traiter l'acn\u00e9, l'ecz\u00e9ma, le psoriasis, les br\u00fblures, les ulc\u00e8res, les plaies, la dermatite et la rosac\u00e9e.<\/p>\n<p><em>Il est pr\u00e9sent dans : le baume relaxant, le baume restorative, le s\u00e9rum visage<\/em> <\/p>\n\n<\/div><\/div>\n\n<\/div>\n\n\t\t<\/div>\n\t\t\t<\/div>\n\n\t\n\n<\/div>\n<div class=\"is-divider divider clearfix\" style=\"margin-top:3em;margin-bottom:3em;max-width:100%;background-color:rgb(9, 14, 29);\"><\/div>\n\n<div class=\"row row-collapse\"  id=\"row-1246726125\">\n\n\n\t<div id=\"col-139056782\" class=\"col medium-12 small-12 large-4\"  >\n\t\t<div class=\"col-inner\"  >\n\t\t\t\n\t\t\t\n\n\n\t\t<div class=\"icon-box featured-box icon-box-left text-left\"  style=\"margin:0px 0px 30px 0px;\">\n\t\t\t\t<div class=\"icon-box-text last-reset\">\n\t\t\t\t\t\t\t\t\t\n\n\t<div id=\"text-1517564407\" class=\"text\">\n\t\t\n\n<h2>O<\/h2>\n\t\t\n<style>\n#text-1517564407 {\n  text-align: center;\n}\n<\/style>\n\t<\/div>\n\t\n\n\t\t<\/div>\n\t<\/div>\n\t\n\t\n\n\t\t<\/div>\n\t\t\t<\/div>\n\n\t\n\n\t<div id=\"col-1175888210\" class=\"col medium-12 small-12 large-8\"  >\n\t\t<div class=\"col-inner text-left\"  >\n\t\t\t\n\t\t\t\n\n<div class=\"accordion\" rel=\"\">\n\n<div class=\"accordion-item\"><a href=\"#\" class=\"accordion-title plain\"><button class=\"toggle\"><i class=\"icon-angle-down\"><\/i><\/button><span>Olive Oil (Olea Europaea)<\/span><\/a><div class=\"accordion-inner\">\n\n<p>Lorem ipsum.<\/p>\n\n<\/div><\/div>\n\n<\/div>\n\n\t\t<\/div>\n\t\t\t<\/div>\n\n\t\n\n<\/div>\n<div class=\"is-divider divider clearfix\" style=\"margin-top:3em;margin-bottom:3em;max-width:100%;background-color:rgb(9, 14, 29);\"><\/div>\n\n<div class=\"row row-collapse\"  id=\"row-1888622756\">\n\n\n\t<div id=\"col-361009271\" class=\"col medium-12 small-12 large-4\"  >\n\t\t<div class=\"col-inner\"  >\n\t\t\t\n\t\t\t\n\n\n\t\t<div class=\"icon-box featured-box icon-box-left text-left\"  style=\"margin:0px 0px 30px 0px;\">\n\t\t\t\t<div class=\"icon-box-text last-reset\">\n\t\t\t\t\t\t\t\t\t\n\n\t<div id=\"text-543104838\" class=\"text\">\n\t\t\n\n<h2>R<\/h2>\n\t\t\n<style>\n#text-543104838 {\n  text-align: center;\n}\n<\/style>\n\t<\/div>\n\t\n\n\t\t<\/div>\n\t<\/div>\n\t\n\t\n\n\t\t<\/div>\n\t\t\t<\/div>\n\n\t\n\n\t<div id=\"col-120062029\" class=\"col medium-12 small-12 large-8\"  >\n\t\t<div class=\"col-inner text-left\"  >\n\t\t\t\n\t\t\t\n\n<div class=\"accordion\" rel=\"\">\n\n<div class=\"accordion-item\"><a href=\"#\" class=\"accordion-title plain\"><button class=\"toggle\"><i class=\"icon-angle-down\"><\/i><\/button><span>Rosier (Rosa Gallica)<\/span><\/a><div class=\"accordion-inner\">\n\n<p>Lorem ipsum.<\/p>\n\n<\/div><\/div>\n<div class=\"accordion-item\"><a href=\"#\" class=\"accordion-title plain\"><button class=\"toggle\"><i class=\"icon-angle-down\"><\/i><\/button><span>Rose Musqu\u00e9e (Rosa Canina)<\/span><\/a><div class=\"accordion-inner\">\n\n<p>Naturally high in vitamin C and A it encourages new cell regeneration and therefore reduces any skin dullness. By boosting the skin\u2019s collagen formation it works as a natural anti-aging, and helps reduce scars and fine lines. Including anti-inflammatory properties Rosehip also treats eczema and dermatitis and calms any irritations.<\/p>\n<p><em>Found in: Facial Oil, Body Butter<\/em> <\/p>\n\n<\/div><\/div>\n<div class=\"accordion-item\"><a href=\"#\" class=\"accordion-title plain\"><button class=\"toggle\"><i class=\"icon-angle-down\"><\/i><\/button><span>Romarin (Rosmarinus officinalis)<\/span><\/a><div class=\"accordion-inner\">\n\n<p>Cet analg\u00e9sique r\u00e9chauffant aide \u00e0 soulager les tensions musculaires en am\u00e9liorant la circulation\nsanguine, il traite \u00e9galement les inflammations articulaires gr\u00e2ce \u00e0 ses propri\u00e9t\u00e9s anti-inflammatoires \u00e9lev\u00e9es. De plus, sa qualit\u00e9 spasmolytique soulage les douleurs et les courbatures, favorisant le sentiment de relaxation.<\/p>\n<p><em>Elle est pr\u00e9sente dans : le baume relaxant<\/em> <\/p>\n\n<\/div><\/div>\n\n<\/div>\n\n\t\t<\/div>\n\t\t\t<\/div>\n\n\t\n\n<\/div>\n<div class=\"is-divider divider clearfix\" style=\"margin-top:3em;margin-bottom:3em;max-width:100%;background-color:rgb(9, 14, 29);\"><\/div>\n\n<div class=\"row row-collapse\"  id=\"row-430428346\">\n\n\n\t<div id=\"col-879033101\" class=\"col medium-12 small-12 large-4\"  >\n\t\t<div class=\"col-inner\"  >\n\t\t\t\n\t\t\t\n\n\n\t\t<div class=\"icon-box featured-box icon-box-left text-left\"  style=\"margin:0px 0px 30px 0px;\">\n\t\t\t\t<div class=\"icon-box-text last-reset\">\n\t\t\t\t\t\t\t\t\t\n\n\t<div id=\"text-23354996\" class=\"text\">\n\t\t\n\n<h2>S<\/h2>\n\t\t\n<style>\n#text-23354996 {\n  text-align: center;\n}\n<\/style>\n\t<\/div>\n\t\n\n\t\t<\/div>\n\t<\/div>\n\t\n\t\n\n\t\t<\/div>\n\t\t\t<\/div>\n\n\t\n\n\t<div id=\"col-2064608037\" class=\"col medium-12 small-12 large-8\"  >\n\t\t<div class=\"col-inner text-left\"  >\n\t\t\t\n\t\t\t\n\n<div class=\"accordion\" rel=\"\">\n\n<div class=\"accordion-item\"><a href=\"#\" class=\"accordion-title plain\"><button class=\"toggle\"><i class=\"icon-angle-down\"><\/i><\/button><span>Beurre de Karit\u00e9 (Karit\u00e9, Vitellaria Paradoxa)<\/span><\/a><div class=\"accordion-inner\">\n\n<p>Naturellement riche en vitamines A et E, le beurre de karit\u00e9 prot\u00e8ge les cellules de la peau des polluants environnementaux ainsi que du stress oxydatif. Il renforce l'\u00e9lasticit\u00e9 et la clart\u00e9 de la peau en plus de contribuer \u00e0 sa cicatrisation et r\u00e9paration. Gr\u00e2ce \u00e0 sa richesse en antioxydants, il aide \u00e0 lutter contre les radicaux libres et agit donc comme un agent anti \u00e2ge naturel favorisant l'\u00e9clat de la peau. Le beurre de karit\u00e9 contient \u00e9galement plusieurs acides gras qui constituent une couche nourrissante et hydratante pour tous types de peau.<\/p>\n<p><em>Elle est pr\u00e9sente dans : le baume relaxant, le baume restorative<\/em><\/p>\n\n<\/div><\/div>\n<div class=\"accordion-item\"><a href=\"#\" class=\"accordion-title plain\"><button class=\"toggle\"><i class=\"icon-angle-down\"><\/i><\/button><span>Millepertuis (Hypericum Perforatum)<\/span><\/a><div class=\"accordion-inner\">\n\n<p>\u00c0 la fois antiseptique et anti inflammatoire naturel, le millepertuis r\u00e9duit les inflammations\ntopiques, r\u00e9g\u00e9n\u00e8re les tissus cutan\u00e9s et traite les br\u00fblures au premier degr\u00e9 ainsi que les coupures et ecchymoses. Ses bienfaits potentiels pour la peau sont dus \u00e0 ses composants, l'hyp\u00e9ricine et l'hyperforine. Ces compos\u00e9s ont des propri\u00e9t\u00e9s anti-inflammatoires, contribuant \u00e0 r\u00e9duire l'irritation de la peau et \u00e0 soutenir les m\u00e9canismes de gu\u00e9rison intrins\u00e8ques.<\/p>\n<p><em>Elle est pr\u00e9sente dans : le baume restorative<\/em><\/p>\n\n<\/div><\/div>\n\n<\/div>\n\n\t\t<\/div>\n\t\t\t<\/div>\n\n\t\n\n<\/div>\n<div class=\"is-divider divider clearfix\" style=\"margin-top:3em;margin-bottom:3em;max-width:100%;background-color:rgb(9, 14, 29);\"><\/div>\n\n<div class=\"row row-collapse\"  id=\"row-2058166015\">\n\n\n\t<div id=\"col-250003832\" class=\"col medium-12 small-12 large-4\"  >\n\t\t<div class=\"col-inner\"  >\n\t\t\t\n\t\t\t\n\n\n\t\t<div class=\"icon-box featured-box icon-box-left text-left\"  style=\"margin:0px 0px 30px 0px;\">\n\t\t\t\t<div class=\"icon-box-text last-reset\">\n\t\t\t\t\t\t\t\t\t\n\n\t<div id=\"text-935989640\" class=\"text\">\n\t\t\n\n<h2>T<\/h2>\n\t\t\n<style>\n#text-935989640 {\n  text-align: center;\n}\n<\/style>\n\t<\/div>\n\t\n\n\t\t<\/div>\n\t<\/div>\n\t\n\t\n\n\t\t<\/div>\n\t\t\t<\/div>\n\n\t\n\n\t<div id=\"col-258718392\" class=\"col medium-12 small-12 large-8\"  >\n\t\t<div class=\"col-inner text-left\"  >\n\t\t\t\n\t\t\t\n\n<div class=\"accordion\" rel=\"\">\n\n<div class=\"accordion-item\"><a href=\"#\" class=\"accordion-title plain\"><button class=\"toggle\"><i class=\"icon-angle-down\"><\/i><\/button><span>Tocoph\u00e9rol Naural (vitamine E)<\/span><\/a><div class=\"accordion-inner\">\n\n<p>Issue de tournesols non g\u00e9n\u00e9tiquement modifi\u00e9s, cette puissante vitamine prot\u00e8ge la peau contre les stress oxydatifs, tels que les dommages caus\u00e9s par les UV et les polluants environnementaux. Elle agit en absorbant les radicaux libres qui endommagent les cellules, ce qui favorise la sant\u00e9 de la peau et pr\u00e9vient d\u2019un vieillissement acc\u00e9l\u00e9r\u00e9. C'est \u00e9galement un conservateur naturel qui permet \u00e0 nos magnifiques ingr\u00e9dients v\u00e9g\u00e9taux biologiques de conserver plus longtemps leurs bienfaits\nnutritionnels.<\/p>\n<p><em>Il est pr\u00e9sent dans : le baume relaxant, le baume restorative, le s\u00e9rum visage<\/em> <\/p>\n\n<\/div><\/div>\n\n<\/div>\n\n\t\t<\/div>\n\t\t\t<\/div>\n\n\t\n\n<\/div>\n\t<div id=\"gap-968764245\" class=\"gap-element clearfix\" style=\"display:block; height:auto;\">\n\t\t\n<style>\n#gap-968764245 {\n  padding-top: 60px;\n}\n<\/style>\n\t<\/div>\n\t\n\n<div class=\"row align-center\"  id=\"row-58128270\">\n\n\n\t<div id=\"col-1797192211\" class=\"col small-12 large-12\"  >\n\t\t<div class=\"col-inner text-center\" style=\"background-color:rgb(144, 143, 97);\" >\n\t\t\t\n\t\t\t\n\n\t<div id=\"text-3575147151\" class=\"text\">\n\t\t\n\n<h3>Encore des questions ?<\/h3>\n<p>N'h\u00e9sitez pas \u00e0 nous contacter pour plus d'information.<\/p>\n\t\t\n<style>\n#text-3575147151 {\n  color: rgb(255, 255, 255);\n}\n#text-3575147151 > * {\n  color: rgb(255, 255, 255);\n}\n<\/style>\n\t<\/div>\n\t\n<a href=\"https:\/\/cannawise.fr\/fr\/contact\/\" target=\"_self\" class=\"button primary\"  >\n    <span>NOUS CONTACTER<\/span>\n  <\/a>\n\n\n\n\t\t<\/div>\n\t\t\t<\/div>\n\n\t\n\n\n<style>\n#row-58128270 > .col > .col-inner {\n  padding: 40px 20px 40px 20px;\n  background-color: rgb(244, 244, 244);\n}\n@media (min-width:550px) {\n  #row-58128270 > .col > .col-inner {\n    padding: 40px 40px 40px 40px;\n  }\n}\n<\/style>\n<\/div>\n\n\t\t<\/div>\n\t\t\t<\/div>\n\n\t\n\n<\/div>\n\n\t\t<\/div>\n\n\t\t\n<style>\n#section_1626783570 {\n  padding-top: 60px;\n  padding-bottom: 60px;\n}\n<\/style>\n\t<\/section>","protected":false},"excerpt":{"rendered":"","protected":false},"author":1,"featured_media":0,"parent":0,"menu_order":0,"comment_status":"closed","ping_status":"closed","template":"page-blank.php","meta":{"om_disable_all_campaigns":false,"_monsterinsights_skip_tracking":false,"_monsterinsights_sitenote_active":false,"_monsterinsights_sitenote_note":"","_monsterinsights_sitenote_category":0,"footnotes":""},"class_list":["post-393","page","type-page","status-publish","hentry"],"aioseo_notices":[],"jetpack_sharing_enabled":true,"_links":{"self":[{"href":"https:\/\/cannawise.fr\/fr\/wp-json\/wp\/v2\/pages\/393","targetHints":{"allow":["GET"]}}],"collection":[{"href":"https:\/\/cannawise.fr\/fr\/wp-json\/wp\/v2\/pages"}],"about":[{"href":"https:\/\/cannawise.fr\/fr\/wp-json\/wp\/v2\/types\/page"}],"author":[{"embeddable":true,"href":"https:\/\/cannawise.fr\/fr\/wp-json\/wp\/v2\/users\/1"}],"replies":[{"embeddable":true,"href":"https:\/\/cannawise.fr\/fr\/wp-json\/wp\/v2\/comments?post=393"}],"version-history":[{"count":33,"href":"https:\/\/cannawise.fr\/fr\/wp-json\/wp\/v2\/pages\/393\/revisions"}],"predecessor-version":[{"id":905,"href":"https:\/\/cannawise.fr\/fr\/wp-json\/wp\/v2\/pages\/393\/revisions\/905"}],"wp:attachment":[{"href":"https:\/\/cannawise.fr\/fr\/wp-json\/wp\/v2\/media?parent=393"}],"curies":[{"name":"wp","href":"https:\/\/api.w.org\/{rel}","templated":true}]}}